{"id":3573,"date":"2024-03-28T14:43:46","date_gmt":"2024-03-28T20:43:46","guid":{"rendered":"https:\/\/gearsoft.mx\/?page_id=3573"},"modified":"2024-03-28T18:18:37","modified_gmt":"2024-03-29T00:18:37","slug":"servicios","status":"publish","type":"page","link":"https:\/\/gearsoft.mx\/index.php\/servicios\/","title":{"rendered":"Servicios"},"content":{"rendered":"\t\t<div data-elementor-type=\"wp-page\" data-elementor-id=\"3573\" class=\"elementor elementor-3573\">\n\t\t\t\t\t\t\t\t\t<section class=\"elementor-section elementor-top-section elementor-element elementor-element-21676f6 elementor-section-boxed elementor-section-height-default elementor-section-height-default\" data-id=\"21676f6\" data-element_type=\"section\" data-settings=\"{&quot;background_background&quot;:&quot;classic&quot;}\">\n\t\t\t\t\t\t<div class=\"elementor-container elementor-column-gap-default\">\n\t\t\t\t\t<div class=\"elementor-column elementor-col-100 elementor-top-column elementor-element elementor-element-326f54c\" data-id=\"326f54c\" data-element_type=\"column\">\n\t\t\t<div class=\"elementor-widget-wrap\">\n\t\t\t\t\t\t\t\t\t<\/div>\n\t\t<\/div>\n\t\t\t\t\t\t\t<\/div>\n\t\t<\/section>\n\t\t\t\t<section class=\"elementor-section elementor-top-section elementor-element elementor-element-5f4df06 elementor-section-full_width elementor-section-height-default elementor-section-height-default\" data-id=\"5f4df06\" data-element_type=\"section\" data-settings=\"{&quot;background_background&quot;:&quot;classic&quot;}\">\n\t\t\t\t\t\t<div class=\"elementor-container elementor-column-gap-default\">\n\t\t\t\t\t<div class=\"elementor-column elementor-col-100 elementor-top-column elementor-element elementor-element-c2f0a08\" data-id=\"c2f0a08\" data-element_type=\"column\" data-settings=\"{&quot;background_background&quot;:&quot;classic&quot;}\">\n\t\t\t<div class=\"elementor-widget-wrap elementor-element-populated\">\n\t\t\t\t\t\t\t\t<div class=\"elementor-element elementor-element-bbc2e46 elementor-widget elementor-widget-eael-fancy-text\" data-id=\"bbc2e46\" data-element_type=\"widget\" data-widget_type=\"eael-fancy-text.default\">\n\t\t\t\t<div class=\"elementor-widget-container\">\n\t\t\t\n\t<div  class=\"eael-fancy-text-container style-1\" data-fancy-text-id=\"bbc2e46\" data-fancy-text=\"|Dise&ntilde;amos el sitio web perfecto para ti.\" data-fancy-text-transition-type=\"typing\" data-fancy-text-speed=\"50\" data-fancy-text-delay=\"2500\" data-fancy-text-cursor=\"yes\" data-fancy-text-loop=\"\" >\n\t\t\n\t\t\n\t\t\t\t\t<span id=\"eael-fancy-text-bbc2e46\" class=\"eael-fancy-text-strings \">\n\t\t\t\t<noscript>\n\t\t\t\t\tDise&ntilde;amos el sitio web perfecto para ti.\t\t\t\t<\/noscript>\n\t\t\t<\/span>\n\t\t\n\t\t\t<\/div><!-- close .eael-fancy-text-container -->\n\n\t<div class=\"clearfix\"><\/div>\n\n\t\t\t<\/div>\n\t\t\t\t<\/div>\n\t\t\t\t\t<\/div>\n\t\t<\/div>\n\t\t\t\t\t\t\t<\/div>\n\t\t<\/section>\n\t\t\t\t<section class=\"elementor-section elementor-top-section elementor-element elementor-element-139c7e4 elementor-section-boxed elementor-section-height-default elementor-section-height-default\" data-id=\"139c7e4\" data-element_type=\"section\" data-settings=\"{&quot;background_background&quot;:&quot;classic&quot;}\">\n\t\t\t\t\t\t<div class=\"elementor-container elementor-column-gap-no\">\n\t\t\t\t\t<div class=\"elementor-column elementor-col-33 elementor-top-column elementor-element elementor-element-6ed75b0\" data-id=\"6ed75b0\" data-element_type=\"column\">\n\t\t\t<div class=\"elementor-widget-wrap elementor-element-populated\">\n\t\t\t\t\t\t\t\t<div class=\"elementor-element elementor-element-1ce6d1a elementor-widget elementor-widget-heading\" data-id=\"1ce6d1a\" data-element_type=\"widget\" data-widget_type=\"heading.default\">\n\t\t\t\t<div class=\"elementor-widget-container\">\n\t\t\t<style>\/*! elementor - v3.15.0 - 09-08-2023 *\/\n.elementor-heading-title{padding:0;margin:0;line-height:1}.elementor-widget-heading .elementor-heading-title[class*=elementor-size-]>a{color:inherit;font-size:inherit;line-height:inherit}.elementor-widget-heading .elementor-heading-title.elementor-size-small{font-size:15px}.elementor-widget-heading .elementor-heading-title.elementor-size-medium{font-size:19px}.elementor-widget-heading .elementor-heading-title.elementor-size-large{font-size:29px}.elementor-widget-heading .elementor-heading-title.elementor-size-xl{font-size:39px}.elementor-widget-heading .elementor-heading-title.elementor-size-xxl{font-size:59px}<\/style><h2 class=\"elementor-heading-title elementor-size-default\">Publicidad en Linea<\/h2>\t\t<\/div>\n\t\t\t\t<\/div>\n\t\t\t\t<div class=\"elementor-element elementor-element-5284be0 elementor-widget__width-initial elementor-widget elementor-widget-image\" data-id=\"5284be0\" data-element_type=\"widget\" data-widget_type=\"image.default\">\n\t\t\t\t<div class=\"elementor-widget-container\">\n\t\t\t<style>\/*! elementor - v3.15.0 - 09-08-2023 *\/\n.elementor-widget-image{text-align:center}.elementor-widget-image a{display:inline-block}.elementor-widget-image a img[src$=\".svg\"]{width:48px}.elementor-widget-image img{vertical-align:middle;display:inline-block}<\/style>\t\t\t\t\t\t\t\t\t<figure class=\"wp-caption\">\n\t\t\t\t\t\t\t\t\t\t<img loading=\"lazy\" decoding=\"async\" width=\"500\" height=\"500\" src=\"https:\/\/gearsoft.mx\/wp-content\/uploads\/2024\/03\/ads_gearsoft-2.webp\" class=\"attachment-full size-full wp-image-3655\" alt=\"\" srcset=\"https:\/\/gearsoft.mx\/wp-content\/uploads\/2024\/03\/ads_gearsoft-2.webp 500w, https:\/\/gearsoft.mx\/wp-content\/uploads\/2024\/03\/ads_gearsoft-2-300x300.webp 300w, https:\/\/gearsoft.mx\/wp-content\/uploads\/2024\/03\/ads_gearsoft-2-150x150.webp 150w\" sizes=\"auto, (max-width: 500px) 100vw, 500px\" \/>\t\t\t\t\t\t\t\t\t\t\t<figcaption class=\"widget-image-caption wp-caption-text\"> <b>\u00bfBuscas mejorar tu presencia en l\u00ednea?<\/b><br>Optimizamos tu sitio web, incrementando su visibilidad, atrayendo a un mayor n\u00famero de visitantes.<\/figcaption>\n\t\t\t\t\t\t\t\t\t\t<\/figure>\n\t\t\t\t\t\t\t\t\t<\/div>\n\t\t\t\t<\/div>\n\t\t\t\t\t<\/div>\n\t\t<\/div>\n\t\t\t\t<div class=\"elementor-column elementor-col-33 elementor-top-column elementor-element elementor-element-12f735e\" data-id=\"12f735e\" data-element_type=\"column\">\n\t\t\t<div class=\"elementor-widget-wrap elementor-element-populated\">\n\t\t\t\t\t\t\t\t<div class=\"elementor-element elementor-element-ef32ab2 elementor-widget elementor-widget-heading\" data-id=\"ef32ab2\" data-element_type=\"widget\" data-widget_type=\"heading.default\">\n\t\t\t\t<div class=\"elementor-widget-container\">\n\t\t\t<h2 class=\"elementor-heading-title elementor-size-default\">Dise&ntilde;o Web<\/h2>\t\t<\/div>\n\t\t\t\t<\/div>\n\t\t\t\t<div class=\"elementor-element elementor-element-0098f62 elementor-widget__width-initial elementor-widget elementor-widget-image\" data-id=\"0098f62\" data-element_type=\"widget\" data-widget_type=\"image.default\">\n\t\t\t\t<div class=\"elementor-widget-container\">\n\t\t\t\t\t\t\t\t\t\t\t\t<figure class=\"wp-caption\">\n\t\t\t\t\t\t\t\t\t\t<img loading=\"lazy\" decoding=\"async\" width=\"500\" height=\"500\" src=\"https:\/\/gearsoft.mx\/wp-content\/uploads\/2024\/03\/web_design_gearsoft-1.webp\" class=\"attachment-full size-full wp-image-3653\" alt=\"\" srcset=\"https:\/\/gearsoft.mx\/wp-content\/uploads\/2024\/03\/web_design_gearsoft-1.webp 500w, https:\/\/gearsoft.mx\/wp-content\/uploads\/2024\/03\/web_design_gearsoft-1-300x300.webp 300w, https:\/\/gearsoft.mx\/wp-content\/uploads\/2024\/03\/web_design_gearsoft-1-150x150.webp 150w\" sizes=\"auto, (max-width: 500px) 100vw, 500px\" \/>\t\t\t\t\t\t\t\t\t\t\t<figcaption class=\"widget-image-caption wp-caption-text\">Dise\u00f1amos sitios web que conecten con tu audiencia. Tu sitio web no ser\u00e1 uno m\u00e1s del mont\u00f3n.<\/figcaption>\n\t\t\t\t\t\t\t\t\t\t<\/figure>\n\t\t\t\t\t\t\t\t\t<\/div>\n\t\t\t\t<\/div>\n\t\t\t\t\t<\/div>\n\t\t<\/div>\n\t\t\t\t<div class=\"elementor-column elementor-col-33 elementor-top-column elementor-element elementor-element-da1c646\" data-id=\"da1c646\" data-element_type=\"column\">\n\t\t\t<div class=\"elementor-widget-wrap elementor-element-populated\">\n\t\t\t\t\t\t\t\t<div class=\"elementor-element elementor-element-405c8b6 elementor-widget elementor-widget-heading\" data-id=\"405c8b6\" data-element_type=\"widget\" data-widget_type=\"heading.default\">\n\t\t\t\t<div class=\"elementor-widget-container\">\n\t\t\t<h2 class=\"elementor-heading-title elementor-size-default\">Tienda en Linea<\/h2>\t\t<\/div>\n\t\t\t\t<\/div>\n\t\t\t\t<div class=\"elementor-element elementor-element-c6f3fb7 elementor-widget__width-initial elementor-widget elementor-widget-image\" data-id=\"c6f3fb7\" data-element_type=\"widget\" data-widget_type=\"image.default\">\n\t\t\t\t<div class=\"elementor-widget-container\">\n\t\t\t\t\t\t\t\t\t\t\t\t<figure class=\"wp-caption\">\n\t\t\t\t\t\t\t\t\t\t<img loading=\"lazy\" decoding=\"async\" width=\"500\" height=\"500\" src=\"https:\/\/gearsoft.mx\/wp-content\/uploads\/2024\/03\/ecommerce_gearsoft-2.webp\" class=\"attachment-full size-full wp-image-3654\" alt=\"\" srcset=\"https:\/\/gearsoft.mx\/wp-content\/uploads\/2024\/03\/ecommerce_gearsoft-2.webp 500w, https:\/\/gearsoft.mx\/wp-content\/uploads\/2024\/03\/ecommerce_gearsoft-2-300x300.webp 300w, https:\/\/gearsoft.mx\/wp-content\/uploads\/2024\/03\/ecommerce_gearsoft-2-150x150.webp 150w\" sizes=\"auto, (max-width: 500px) 100vw, 500px\" \/>\t\t\t\t\t\t\t\t\t\t\t<figcaption class=\"widget-image-caption wp-caption-text\"><b>\u00bfQuieres vender en l\u00ednea?<\/b><br> \u00a1Est\u00e1s en el lugar correcto!. Juntos, haremos crecer tu negocio en el mundo digital.<\/figcaption>\n\t\t\t\t\t\t\t\t\t\t<\/figure>\n\t\t\t\t\t\t\t\t\t<\/div>\n\t\t\t\t<\/div>\n\t\t\t\t\t<\/div>\n\t\t<\/div>\n\t\t\t\t\t\t\t<\/div>\n\t\t<\/section>\n\t\t\t\t\t\t\t<\/div>\n\t\t","protected":false},"excerpt":{"rendered":"<p>Dise&ntilde;amos el sitio web perfecto para ti. Publicidad en Linea \u00bfBuscas mejorar tu presencia en l\u00ednea?Optimizamos tu sitio web, incrementando su visibilidad, atrayendo a un mayor n\u00famero de visitantes. Dise&ntilde;o Web Dise\u00f1amos sitios web que conecten con tu audiencia. Tu sitio web no ser\u00e1 uno m\u00e1s del mont\u00f3n. Tienda en Linea \u00bfQuieres vender en l\u00ednea? &#8230; <a title=\"Servicios\" class=\"read-more\" href=\"https:\/\/gearsoft.mx\/index.php\/servicios\/\" aria-label=\"Leer m\u00e1s sobre Servicios\">Leer m\u00e1s<\/a><\/p>\n","protected":false},"author":1,"featured_media":0,"parent":0,"menu_order":0,"comment_status":"closed","ping_status":"closed","template":"","meta":{"_acf_changed":false,"_coblocks_attr":"","_coblocks_dimensions":"","_coblocks_responsive_height":"","_coblocks_accordion_ie_support":"","_eb_attr":"","_joinchat":[],"footnotes":""},"class_list":["post-3573","page","type-page","status-publish"],"featured_image_urls":{"full":"","thumbnail":"","medium":"","medium_large":"","large":"","1536x1536":"","2048x2048":""},"post_excerpt_stackable":"<p>Dise&ntilde;amos el sitio web perfecto para ti. Publicidad en Linea \u00bfBuscas mejorar tu presencia en l\u00ednea?Optimizamos tu sitio web, incrementando su visibilidad, atrayendo a un mayor n\u00famero de visitantes. Dise&ntilde;o Web Dise\u00f1amos sitios web que conecten con tu audiencia. Tu sitio web no ser\u00e1 uno m\u00e1s del mont\u00f3n. Tienda en Linea \u00bfQuieres vender en l\u00ednea? \u00a1Est\u00e1s en el lugar correcto!. Juntos, haremos crecer tu negocio en el mundo digital.<\/p>\n","category_list":"","author_info":{"name":"admin","url":"https:\/\/gearsoft.mx\/index.php\/author\/admin\/"},"comments_num":"0 comments","acf":[],"_links":{"self":[{"href":"https:\/\/gearsoft.mx\/index.php\/wp-json\/wp\/v2\/pages\/3573","targetHints":{"allow":["GET"]}}],"collection":[{"href":"https:\/\/gearsoft.mx\/index.php\/wp-json\/wp\/v2\/pages"}],"about":[{"href":"https:\/\/gearsoft.mx\/index.php\/wp-json\/wp\/v2\/types\/page"}],"author":[{"embeddable":true,"href":"https:\/\/gearsoft.mx\/index.php\/wp-json\/wp\/v2\/users\/1"}],"replies":[{"embeddable":true,"href":"https:\/\/gearsoft.mx\/index.php\/wp-json\/wp\/v2\/comments?post=3573"}],"version-history":[{"count":133,"href":"https:\/\/gearsoft.mx\/index.php\/wp-json\/wp\/v2\/pages\/3573\/revisions"}],"predecessor-version":[{"id":3733,"href":"https:\/\/gearsoft.mx\/index.php\/wp-json\/wp\/v2\/pages\/3573\/revisions\/3733"}],"wp:attachment":[{"href":"https:\/\/gearsoft.mx\/index.php\/wp-json\/wp\/v2\/media?parent=3573"}],"curies":[{"name":"wp","href":"https:\/\/api.w.org\/{rel}","templated":true}]}}